{"id":84,"date":"2020-05-01T21:17:42","date_gmt":"2020-05-01T19:17:42","guid":{"rendered":"https:\/\/schmuckpeter.it\/?page_id=84"},"modified":"2021-04-07T20:48:00","modified_gmt":"2021-04-07T18:48:00","slug":"privacy","status":"publish","type":"page","link":"https:\/\/schmuckpeter.it\/it\/privacy\/","title":{"rendered":"Privacy"},"content":{"rendered":"\n<p>Protezione dati<\/p>\n\n\n\n<p>Informativa sulla protezione dei dati ai sensi dell&#8217;articolo 13 del D.lgs 196\/2003<\/p>\n\n\n\n<p>Ai sensi dell&#8217;Art. 13 del Gv.D. 196\/2003 la informiamo che il nostro studio legale Schmuck Peter &amp; Partner, con sede a Lagundo, Josef-Weingartner Stra\u00dfe 4, tratta i dati personali di clienti, fornitori e persone che ci forniscono volontariamente i loro dati di registrazione, e cos\u00ec facendo nel quadro giuridico I diritti e le libert\u00e0 fondamentali, nonch\u00e9 la dignit\u00e0 degli interessati e delle persone giuridiche, in particolare per quanto riguarda la riservatezza e il diritto alla protezione dei dati personali.<\/p>\n\n\n\n<p><strong>Finalit\u00e0 del trattamento dei dati<\/strong><\/p>\n\n\n\n<p>I dati personali sono trattati per le seguenti finalit\u00e0:<\/p>\n\n\n\n<p>&#8211; Adempimento di obblighi previsti da leggi, regolamenti, ordinanze e disposizioni comunitarie, civili e \/ o fiscali<\/p>\n\n\n\n<p>&#8211; Adempimento degli obblighi contrattuali nei confronti dell&#8217;interessato<\/p>\n\n\n\n<p>&#8211; Svolgere attivit\u00e0 che sono legate alle attivit\u00e0 commerciali della nostra azienda o che sono rilevanti per loro<\/p>\n\n\n\n<p>&#8211; Vendita, marketing, ricerche di mercato e invio di informazioni commerciali o materiale promozionale<\/p>\n\n\n\n<p>&#8211; Tutela dei crediti e gestione delle responsabilit\u00e0<\/p>\n\n\n\n<p><strong>Inserimento dei dati<\/strong><\/p>\n\n\n\n<p>L&#8217;inserimento dei dati \u00e8 necessario per la conclusione dei contratti, la loro modifica e per ogni ulteriore rapporto commerciale con Schmuck Peter &amp; Partner. In caso di rifiuto dei dati personali richiesti, i servizi richiesti dal cliente non potranno essere eseguiti. Ci\u00f2 potrebbe impedire o limitare la continuazione di eventuali rapporti esistenti.<\/p>\n\n\n\n<p><strong>Tipo di trattamento dei dati<\/strong><\/p>\n\n\n\n<p>Il trattamento e la conservazione dei dati personali avviene per le finalit\u00e0 dichiarate in forma cartacea o mediante ausili o procedure elettroniche e \/ o telematiche. In ogni caso il trattamento avviene secondo le misure minime di sicurezza secondo le \u201cmisure tecniche\u201d del Gv.D. 196\/2003, affinch\u00e9 sia \u200b\u200bgarantita la sicurezza e la riservatezza dei dati interessati.<\/p>\n\n\n\n<p><strong>Trasmissione e diffusione dei dati<\/strong><\/p>\n\n\n\n<p>In applicazione di Gv.D. 196\/2003, in particolare l&#8217;art. 13, la societ\u00e0 trasmette i dati personali richiesti a persone fisiche e \/ o giuridiche nazionali e \/ o estere, enti pubblici e \/ o privati, purch\u00e9 ci\u00f2 serva all&#8217;esercizio della nostra attivit\u00e0 o alle finalit\u00e0 dichiarate.<\/p>\n\n\n\n<p>Non ha luogo una diffusione generale dei dati personali da parte della nostra azienda.<\/p>\n\n\n\n<p><strong>Diritti secondo Gv.D. 196\/2003 Art. 7<\/strong><\/p>\n\n\n\n<p>Si segnala che l&#8217;Art. 7 del Gv.D. 196\/2003 conferisce all&#8217;interessato specifici diritti nell&#8217;ambito e tenuto conto degli artt. 8, 9, 10 del citato decreto.<\/p>\n\n\n\n<p>1. L&#8217;interessato ha diritto di ricevere l&#8217;indicazione dell&#8217;esistenza di dati che lo riguardano, anche se non ancora salvati. Ha anche il diritto che questi dati gli vengano trasmessi in una forma comprensibile.<\/p>\n\n\n\n<p>2. L&#8217;interessato ha diritto all&#8217;informazione in merito a:<\/p>\n\n\n\n<p>&#8211; dell&#8217;origine dei dati personali;<\/p>\n\n\n\n<p>&#8211; delle finalit\u00e0 e modalit\u00e0 del trattamento;<\/p>\n\n\n\n<p>&#8211; la logica applicata in caso di trattamento elettronico;<\/p>\n\n\n\n<p>&#8211; i dati pi\u00f9 rilevanti per l&#8217;identificazione del titolare dei diritti, del responsabile e del rappresentante designato ai sensi dell&#8217;articolo 5, comma 2;<\/p>\n\n\n\n<p>&#8211; i soggetti o le categorie di soggetti ai quali i dati personali possono essere comunicati o che possono venirne a conoscenza in qualit\u00e0 di rappresentante designato nel territorio nazionale, in qualit\u00e0 di incaricati o incaricati.<\/p>\n\n\n\n<p>3. L&#8217;interessato ha diritto:<\/p>\n\n\n\n<p>&#8211; aggiornare, rettificare o, se di interesse, richiedere l&#8217;integrazione dei dati;<\/p>\n\n\n\n<p>&#8211; chiedere la cancellazione, la trasformazione in forma anonima o il blocco dei dati trattati illecitamente, il che vale anche per i dati di cui non \u00e8 necessaria la conservazione in relazione agli scopi per i quali sono stati raccolti o successivamente trattati;<\/p>\n\n\n\n<p>&#8211; di ricevere una conferma che gli articoli di cui alle lettere a. e B. determinati trattamenti, anche per quanto riguarda il loro contenuto, sono stati comunicati a coloro ai quali i dati sono stati trasmessi o in cui sono stati diffusi, salvo che ci\u00f2 si riveli impossibile o l&#8217;onere di risorse in relazione al diritto tutelato sarebbe irragionevole.<\/p>\n\n\n\n<p>4. L&#8217;interessato ha diritto, in tutto o in parte:<\/p>\n\n\n\n<p>&#8211; opporsi per motivi legittimi al trattamento dei dati personali che lo riguardano;<\/p>\n\n\n\n<p>&#8211; di opporsi al trattamento dei dati personali che lo riguardano qualora tale trattamento sia effettuato a fini di invio di materiale pubblicitario o di vendita diretta, per ricerche di mercato o di opinione o per informazione commerciale.<\/p>\n\n\n\n<p>I diritti ai sensi dell&#8217;Art. 7 del Gv.D. 196\/2003 pu\u00f2 essere fatto valere in qualsiasi momento contro il responsabile della protezione dei dati della societ\u00e0 di consulenza fiscale Schmuck Peter &amp; Partner, Josef-Weingartner Stra\u00dfe 4, 39022 Lagundo, Tel. 0473 20 06 65, mediante lettera raccomandata o e-mail a peter.schmuck@schmuckpeter.it .<\/p>\n\n\n\n<p><strong>Titolare del trattamento dei dati<\/strong><\/p>\n\n\n\n<p>Titolare e amministratore dei dati \u00e8 la societ\u00e0 di consulenza fiscale Schmuck Peter &amp; Partner, con sede in Schmuck Peter &amp; Partner, Josef-Weingartner Stra\u00dfe 4, 39022 Lagundo nella persona del legale rappresentante.<\/p>\n\n\n\n<p><strong>Esclusione di responsabilit\u00e0<\/strong><\/p>\n\n\n\n<p>Schmuck Peter &amp; Partner non \u00e8 responsabile del trattamento dei dati personali ceduti a terzi.<\/p>\n","protected":false},"excerpt":{"rendered":"<p>Protezione dati Informativa sulla protezione dei dati ai sensi dell&#8217;articolo 13 del D.lgs 196\/2003 Ai sensi dell&#8217;Art. 13 del Gv.D. 196\/2003 la informiamo che il nostro studio legale Schmuck Peter &#8230;<\/p>\n","protected":false},"author":1,"featured_media":0,"parent":0,"menu_order":0,"comment_status":"closed","ping_status":"open","template":"","meta":{"inline_featured_image":false,"footnotes":""},"class_list":["post-84","page","type-page","status-publish","hentry"],"_links":{"self":[{"href":"https:\/\/schmuckpeter.it\/it\/wp-json\/wp\/v2\/pages\/84","targetHints":{"allow":["GET"]}}],"collection":[{"href":"https:\/\/schmuckpeter.it\/it\/wp-json\/wp\/v2\/pages"}],"about":[{"href":"https:\/\/schmuckpeter.it\/it\/wp-json\/wp\/v2\/types\/page"}],"author":[{"embeddable":true,"href":"https:\/\/schmuckpeter.it\/it\/wp-json\/wp\/v2\/users\/1"}],"replies":[{"embeddable":true,"href":"https:\/\/schmuckpeter.it\/it\/wp-json\/wp\/v2\/comments?post=84"}],"version-history":[{"count":3,"href":"https:\/\/schmuckpeter.it\/it\/wp-json\/wp\/v2\/pages\/84\/revisions"}],"predecessor-version":[{"id":136,"href":"https:\/\/schmuckpeter.it\/it\/wp-json\/wp\/v2\/pages\/84\/revisions\/136"}],"wp:attachment":[{"href":"https:\/\/schmuckpeter.it\/it\/wp-json\/wp\/v2\/media?parent=84"}],"curies":[{"name":"wp","href":"https:\/\/api.w.org\/{rel}","templated":true}]}}