{"id":3,"date":"2020-02-02T11:01:19","date_gmt":"2020-02-02T10:01:19","guid":{"rendered":"https:\/\/schmuckpeter.it\/?page_id=3"},"modified":"2020-05-01T13:18:29","modified_gmt":"2020-05-01T11:18:29","slug":"datenschutzerklaerung","status":"publish","type":"page","link":"https:\/\/schmuckpeter.it\/de\/datenschutzerklaerung\/","title":{"rendered":"Datenschutz"},"content":{"rendered":"\n<p>Datenschutz-Hinweis im Sinne des Art. 13 des Gesetzesvertretenden Dekretes 196\/2003<\/p>\n\n\n\n<p>Im Sinne des Art. 13 des Gv.D. 196\/2003 informieren wir dar\u00fcber, dass unsere Kanzlei Schmuck Peter &amp; Partner, mit Sitz in Algund, Josef -Weingartner Stra\u00dfe 4 die pers\u00f6nlichen Daten von Kunden, Lieferanten und Personen, die uns ihre meldeamtlichen Daten freiwillig mitteilen, verarbeitet und dabei im Rahmen der gesetzlichen Vorgaben die grundlegenden Rechte und Freiheiten sowie die W\u00fcrde der betroffenen Personen und Rechtstr\u00e4ger insbesondere hinsichtlich Geheimhaltung und Recht auf Schutz der pers\u00f6nlichen Daten ber\u00fccksichtigt.<\/p>\n\n\n\n<p><strong>Zweck der Datenverarbeitung<\/strong><br>Die personenbezogenen Daten werden f\u00fcr folgende Zwecke verarbeitet:<br>&#8211; Erf\u00fcllung von Pflichten, welche laut zivil- und\/oder steuerrechtlichen Gesetzen, Vorschriften, Verordnungen sowie EU-Bestimmungen vorgesehen sind<br>&#8211; Erf\u00fcllung von vertraglichen Verpflichtungen gegen\u00fcber dem Betroffenen<br>&#8211; Aus\u00fcbung von T\u00e4tigkeiten, welche in Verbindung mit der Gesch\u00e4ftst\u00e4tigkeit unserer Gesellschaft stehen oder dieser zweckdienlich sind<br>&#8211; Verkauf, Marketing, Marktuntersuchungen und Zusendung von Gesch\u00e4ftsinformationen bzw. Werbematerial<br>&#8211; Schutz der Forderungen und Verwaltung der Verbindlichkeiten<\/p>\n\n\n\n<p><strong>Einbringung der Daten<\/strong><br>Die Einbringung der Daten ist f\u00fcr den Abschluss der Vertr\u00e4ge, deren Ab\u00e4nderung und f\u00fcr jede weitere Gesch\u00e4ftsbeziehung mit Schmuck Peter &amp; Partner, notwendig. Bei Verweigerung der Angabe der angeforderten personenbezogenen Daten k\u00f6nnen die vom Abnehmer beantragten Leistungen nicht erledigt werden. Dazu k\u00f6nnte die Fortsetzung eventuell bereits bestehender Beziehungen dadurch verhindert oder eingeschr\u00e4nkt werden.<\/p>\n\n\n\n<p><strong>Art der Datenverarbeitung<\/strong><br>Die Verarbeitung und Speicherung der personenbezogenen Daten erfolgt zu den angef\u00fchrten Zwecken in Papierform oder mittels elektronischer und\/oder telematischer Hilfsmittel bzw. Verfahren. In jedem Fall erfolgt die Verarbeitung gem\u00e4\u00df den minimalen Sicherheitsma\u00dfnahmen laut den \u201etechnischen Ma\u00dfnahmen\u201c des Gv.D. 196\/2003, so dass die Sicherheit und die Vertraulichkeit der betroffenen Daten gew\u00e4hrleistet sind.<\/p>\n\n\n\n<p><strong>\u00dcbermittlung und Verbreitung von Daten<\/strong><br>In Anwendung des Gv.D. 196\/2003, insbesondere des Art. 13, \u00fcbermittelt die Gesellschaft personenbezogene Daten bei Bedarf an in- und\/oder ausl\u00e4ndische nat\u00fcrliche und\/oder juristische Personen, \u00f6ffentliche und\/oder private K\u00f6rperschaften, sofern dies der Aus\u00fcbung unserer T\u00e4tigkeit oder den angef\u00fchrten Zweckbestimmungen dient.<br>Eine generelle Verbreitung personenbezogener Daten durch unsere Gesellschaft erfolgt nicht.<\/p>\n\n\n\n<p><strong>Rechte gem\u00e4\u00df Gv.D. 196\/2003 Art. 7<\/strong><br>Es wird darauf hingewiesen, dass der Art. 7 des Gv.D. 196\/2003 im Rahmen und unter Ber\u00fccksichtigung der Art. 8, 9, 10 des zitierten Dekretes dem Betroffenen spezifische Rechte einr\u00e4umt.<\/p>\n\n\n\n<p>1. Der Betroffene hat das Recht, Auskunft dar\u00fcber zu erhalten, ob Daten vorhanden sind, die ihn betreffen, auch dann, wenn diese noch nicht gespeichert sind. Er hat ferner das Recht, dass ihm diese Daten in verst\u00e4ndlicher Form \u00fcbermittelt werden.<\/p>\n\n\n\n<p>2. Der Betroffene hat das Recht auf Auskunft \u00fcber:<br>&#8211; die Herkunft der personenbezogenen Daten;<br>&#8211; den Zweck und die Modalit\u00e4ten der Verarbeitung;<br>&#8211; die angewandte Logik, falls die Daten elektronisch verarbeitet werden;<br>&#8211; die wichtigsten Daten zur Identifizierung des Rechtsinhabers, der Verantwortlichen und des im Sinne von Art. 5, Absatz 2, namhaft gemachten Vertreters;<br>&#8211; die Personen oder Kategorien von Personen, denen die personenbezogenen Daten \u00fcbermittelt werden k\u00f6nnen oder die als im Staatsgebiet namhaft gemachten Vertreter, als Verantwortliche oder als Beauftragte davon Kenntnis erlangen k\u00f6nnen.<\/p>\n\n\n\n<p>3. Der Betroffene hat das Recht:<br>&#8211; die Aktualisierung, die Richtigstellung oder, falls von Interesse, die Erg\u00e4nzung der Daten zu verlangen;<br>&#8211; zu verlangen, dass widerrechtlich verarbeitete Daten gel\u00f6scht, anonymisiert oder gesperrt werden, was auch f\u00fcr Daten gilt, deren Aufbewahrung f\u00fcr die Zwecke, f\u00fcr die sie erhoben oder sp\u00e4ter verarbeitet wurden, nicht erforderlich ist;<br>&#8211; eine Best\u00e4tigung dar\u00fcber zu erhalten, dass die unter den Buchstaben a. und b. angegebenen Vorg\u00e4nge, auch was ihren Inhalt betrifft, jenen mitgeteilt wurden, denen die Daten \u00fcbermittelt oder bei denen sie verbreitet wurden, sofern sich dies nicht als unm\u00f6glich erweist oder der Aufwand an Mitteln im Verh\u00e4ltnis zum gesch\u00fctzten Recht unvertretbar gro\u00df w\u00e4re.<\/p>\n\n\n\n<p>4. Der Betroffene hat das Recht, sich ganz oder teilweise:<br>&#8211; der Verarbeitung personenbezogener Daten, die ihn betreffen, aus legitimen Gr\u00fcnden zu widersetzen;<br>&#8211; der Verarbeitung der ihn betreffenden personenbezogenen Daten zu widersetzen, wenn diese Verarbeitung zum Zwecke des Versands von Werbematerial oder des Direktverkaufs, zur Markt- oder Meinungsforschung oder zur Handelsinformation erfolgt.<\/p>\n\n\n\n<p>Die Rechte im Sinne des Art. 7 des Gv.D. 196\/2003 k\u00f6nnen jederzeit gegen\u00fcber dem Dateschutzbeauftragten der Steuerberatungskanzlei Schmuck Peter &amp; Partner, Josef -Weingartner Stra\u00dfe 4, 39022 Algund, Tel. 0473 20 06 65, geltend gemacht werden und zwar mittels Einschreibebrief oder E-Mail an peter.schmuck@schmuckpeter.it.<\/p>\n\n\n\n<p><strong>Inhaber der Datenverarbeitung<\/strong><br>Inhaber und Verwalter der Daten ist die Steuerberatungskanzlei Schmuck Peter &amp; Partner mit Sitz in Schmuck Peter &amp; Partner, Josef -Weingartner Stra\u00dfe 4, 39022 Algund in der Person des gesetzlichen Vertreters.<\/p>\n\n\n\n<p><strong>Ausschluss der Verantwortung<\/strong><br>Schmuck Peter &amp; Partner ist nicht verantwortlich f\u00fcr die Verarbeitung von personenbezogenen Daten, welche an Dritte weitergeleitet wurden.<\/p>\n","protected":false},"excerpt":{"rendered":"<p>Datenschutz-Hinweis im Sinne des Art. 13 des Gesetzesvertretenden Dekretes 196\/2003 Im Sinne des Art. 13 des Gv.D. 196\/2003 informieren wir dar\u00fcber, dass unsere Kanzlei Schmuck Peter &amp; Partner, mit Sitz &#8230;<\/p>\n","protected":false},"author":1,"featured_media":0,"parent":0,"menu_order":0,"comment_status":"closed","ping_status":"open","template":"","meta":{"inline_featured_image":false,"footnotes":""},"class_list":["post-3","page","type-page","status-publish","hentry"],"_links":{"self":[{"href":"https:\/\/schmuckpeter.it\/de\/wp-json\/wp\/v2\/pages\/3","targetHints":{"allow":["GET"]}}],"collection":[{"href":"https:\/\/schmuckpeter.it\/de\/wp-json\/wp\/v2\/pages"}],"about":[{"href":"https:\/\/schmuckpeter.it\/de\/wp-json\/wp\/v2\/types\/page"}],"author":[{"embeddable":true,"href":"https:\/\/schmuckpeter.it\/de\/wp-json\/wp\/v2\/users\/1"}],"replies":[{"embeddable":true,"href":"https:\/\/schmuckpeter.it\/de\/wp-json\/wp\/v2\/comments?post=3"}],"version-history":[{"count":2,"href":"https:\/\/schmuckpeter.it\/de\/wp-json\/wp\/v2\/pages\/3\/revisions"}],"predecessor-version":[{"id":28,"href":"https:\/\/schmuckpeter.it\/de\/wp-json\/wp\/v2\/pages\/3\/revisions\/28"}],"wp:attachment":[{"href":"https:\/\/schmuckpeter.it\/de\/wp-json\/wp\/v2\/media?parent=3"}],"curies":[{"name":"wp","href":"https:\/\/api.w.org\/{rel}","templated":true}]}}