{"id":26,"date":"2020-05-01T12:52:50","date_gmt":"2020-05-01T10:52:50","guid":{"rendered":"https:\/\/schmuckpeter.it\/?page_id=26"},"modified":"2020-05-16T14:34:16","modified_gmt":"2020-05-16T12:34:16","slug":"dienstleistungen","status":"publish","type":"page","link":"https:\/\/schmuckpeter.it\/de\/dienstleistungen\/","title":{"rendered":"Dienstleistungen"},"content":{"rendered":"\n<h3 class=\"wp-block-heading\" id=\"steuerberatung\">Steuerberatung<\/h3>\n\n\n\n<ul class=\"wp-block-list\"><li>Steuerliche Betreuung in allen Bereichen der direkten und indirekten Steuern<\/li><li>Erstellung von Steuererkl\u00e4rungen f\u00fcr Betriebe und Privatpersonen<\/li><li>Steuerliche Gestaltung und Optimierung<\/li><li>Erledigung von Erstattungsantr\u00e4gen<\/li><li>Pr\u00fcfung von Steuerbescheiden und Beistand bei Finanzkontrollen<\/li><li>Vertretung vor Steuerbeh\u00f6rden<\/li><li>Berechnung der Immobiliensteuer GIS und IMU<\/li><li>Erstellung von Gutachten zu steuerlichen Fragen<\/li><li>Abwicklung von MwSt.-Direktregistrierungen<\/li><\/ul>\n\n\n\n<h3 class=\"wp-block-heading\" id=\"gesellschaftsrecht\">Gesellschaftsrecht<\/h3>\n\n\n\n<ul class=\"wp-block-list\"><li>Betreuung und Beratung Unternehmensgr\u00fcndungen in Italien<\/li><li>Hilfestellung bei der Wahl der Rechtsform<\/li><li>Vertragsgestaltungen<\/li><li>Beratung zu au\u00dferordentliche Gesch\u00e4ftsvorf\u00e4lle (Umwandlungen, Einbringungen, Fusionen, Spaltungen)<\/li><\/ul>\n\n\n\n<h3 class=\"wp-block-heading\" id=\"buchhaltung\">Jahresabschl\u00fcsse und Buchhaltung<\/h3>\n\n\n\n<ul class=\"wp-block-list\"><li>F\u00fchrung der Finanzbuchhaltung<\/li><li>Abfassung der periodischen MwSt.- und Jahreserkl\u00e4rungen<\/li><li>Erstellung der periodischen Umsatzsteuervoranmeldungen<\/li><li>Erstellung von Reports und betriebswirtschaftlicher Auswertungen<\/li><li>Erstellung der Jahresabschl\u00fcsse<\/li><li>F\u00fchrung der MwSt.-Register, Abschreibungsb\u00fccher, Gesellschaftsb\u00fccher<\/li><li>Domizilierung von Gesellschaften<\/li><\/ul>\n\n\n\n<h3 class=\"wp-block-heading\" id=\"vertragswesen\">Vertragswesen<\/h3>\n\n\n\n<ul class=\"wp-block-list\"><li>Gesellschaftsvertr\u00e4ge<\/li><li>Handelsvertretervertr\u00e4ge<\/li><li>Kaufvertr\u00e4ge<\/li><li>Pachtvertr\u00e4ge<\/li><li>Mietvertr\u00e4ge<\/li><li>Werkvertr\u00e4ge<\/li><li>Schenkungen<\/li><li>Erbschaftsregelungen<\/li><\/ul>\n\n\n\n<h3 class=\"wp-block-heading\" id=\"unternehmensberatung\">Unternehmensberatung<\/h3>\n\n\n\n<ul class=\"wp-block-list\"><li>Erstellung von Businesspl\u00e4nen<\/li><li>Erstellung von Wirtschaftlichkeitsberechnungen<\/li><li>Beratung zur Unternehmensnachfolge<\/li><li>Erstellung von Liquidit\u00e4tsplanungen<\/li><li>Beratung bei Investitionsvorhaben<\/li><li>Beratung bei Finanzierungen<\/li><\/ul>\n","protected":false},"excerpt":{"rendered":"<p>Steuerberatung Steuerliche Betreuung in allen Bereichen der direkten und indirekten Steuern Erstellung von Steuererkl\u00e4rungen f\u00fcr Betriebe und Privatpersonen Steuerliche Gestaltung und Optimierung Erledigung von Erstattungsantr\u00e4gen Pr\u00fcfung von Steuerbescheiden und Beistand &#8230;<\/p>\n","protected":false},"author":1,"featured_media":0,"parent":0,"menu_order":0,"comment_status":"closed","ping_status":"closed","template":"","meta":{"inline_featured_image":false,"footnotes":""},"class_list":["post-26","page","type-page","status-publish","hentry"],"_links":{"self":[{"href":"https:\/\/schmuckpeter.it\/de\/wp-json\/wp\/v2\/pages\/26","targetHints":{"allow":["GET"]}}],"collection":[{"href":"https:\/\/schmuckpeter.it\/de\/wp-json\/wp\/v2\/pages"}],"about":[{"href":"https:\/\/schmuckpeter.it\/de\/wp-json\/wp\/v2\/types\/page"}],"author":[{"embeddable":true,"href":"https:\/\/schmuckpeter.it\/de\/wp-json\/wp\/v2\/users\/1"}],"replies":[{"embeddable":true,"href":"https:\/\/schmuckpeter.it\/de\/wp-json\/wp\/v2\/comments?post=26"}],"version-history":[{"count":3,"href":"https:\/\/schmuckpeter.it\/de\/wp-json\/wp\/v2\/pages\/26\/revisions"}],"predecessor-version":[{"id":131,"href":"https:\/\/schmuckpeter.it\/de\/wp-json\/wp\/v2\/pages\/26\/revisions\/131"}],"wp:attachment":[{"href":"https:\/\/schmuckpeter.it\/de\/wp-json\/wp\/v2\/media?parent=26"}],"curies":[{"name":"wp","href":"https:\/\/api.w.org\/{rel}","templated":true}]}}